{"id":672,"date":"2024-02-07T05:42:25","date_gmt":"2024-02-07T05:42:25","guid":{"rendered":"https:\/\/www.maison2fleurs.com\/?post_type=product&#038;p=672"},"modified":"2025-01-16T13:10:48","modified_gmt":"2025-01-16T13:10:48","slug":"tetes-de-roses-stabilisees-2-3cm-21pcs-boite-rouge-copy-copy-copy-copy-copy-copy-2","status":"publish","type":"product","link":"https:\/\/www.maison2fleurs.com\/en\/produto\/tetes-de-roses-stabilisees-2-3cm-21pcs-boite-rouge-copy-copy-copy-copy-copy-copy-2\/","title":{"rendered":"T\u00eates de Roses Stabilis\u00e9es 2-3cm &#8211; 21pcs\/bo\u00eete &#8211; ROUGE (Copy) (Copy) (Copy) (Copy) (Copy) (Copy)"},"content":{"rendered":"<h5 data-sourcepos=\"3:1-3:344\"><strong>Maison2fleus &#8211; Fleurs S\u00e9ch\u00e9es &amp; D\u00e9corations &#8211; Plus que de simples fleurs.<\/strong><\/h5>\n<h5><span style=\"color: #808080;\"><strong>Laissez nos roses stabilis\u00e9es ajouter une touche de magie \u00e0 vos moments privil\u00e9gi\u00e9s.<\/strong><\/span><\/h5>\n<p data-sourcepos=\"3:1-3:344\">Capturez l&#8217;essence de l&#8217;amour et de l&#8217;admiration avec nos roses superbement pr\u00e9serv\u00e9es, o\u00f9 l&#8217;\u00e9l\u00e9gance intemporelle rencontre la splendeur \u00e9ternelle. Ces fleurs d\u00e9licates, cueillies \u00e0 la main au c\u0153ur du jardin naturel, sont soumises \u00e0 un processus de pr\u00e9servation unique qui stoppe leur pourriture naturelle, pr\u00e9servant ainsi leurs couleurs vibrantes et leurs textures d\u00e9licates pour les ann\u00e9es \u00e0 venir.<\/p>\n<p data-sourcepos=\"3:1-3:344\">Gr\u00e2ce \u00e0 la m\u00e9thode de stabilisation nos Roses Conserv\u00e9es peuvent \u00eatre conserv\u00e9es plusieurs ann\u00e9es tout en conservant leur fra\u00eecheur naturelle. La rose restera belle et conservera sa teneur en humidit\u00e9. Il ne se d\u00e9colorera jamais et optimisera la d\u00e9coration int\u00e9rieure de mani\u00e8re permanente et durable. Notre gamme est vaste et compl\u00e9tera parfaitement vos cr\u00e9ations florales. Que vous soyez d\u00e9corateur d&#8217;int\u00e9rieur, designer floral ou fleuriste, ne manquez pas cette symphonie de fleurs<\/p>\n<p data-sourcepos=\"5:1-5:33\"><strong>Une beaut\u00e9 in\u00e9gal\u00e9e qui dure<\/strong><\/p>\n<p data-sourcepos=\"7:1-7:336\"><span class=\"citation-0 entailed citation-end-0\" tabindex=\"0\" role=\"button\">Contrairement aux roses fra\u00eeches traditionnelles qui se fanent avec le temps, nos roses stabilis\u00e9es conservent leur beaut\u00e9 immacul\u00e9e, captivant vos sens avec leurs luxueux p\u00e9tales velout\u00e9s et leur parfum envo\u00fbtant.<\/span> Chaque rose d\u00e9gage une aura d&#8217;\u00e9l\u00e9gance intemporelle, symbole d&#8217;amour et d&#8217;affection durables qui embellira \u00e0 jamais vos moments sp\u00e9ciaux.<\/p>\n<p data-sourcepos=\"9:1-9:38\"><strong>Un cadeau intemporel pour chaque occasion<\/strong><\/p>\n<p data-sourcepos=\"11:1-11:263\">Offrez nos roses stabilis\u00e9es pour exprimer vos \u00e9motions les plus profondes et vos sentiments les plus sinc\u00e8res. Qu&#8217;il s&#8217;agisse d&#8217;un geste d&#8217;amour, d&#8217;un signe d&#8217;appr\u00e9ciation ou d&#8217;une c\u00e9l\u00e9bration des \u00e9tapes de la vie, nos roses stabilis\u00e9es en disent long et transmettent avec \u00e9loquence la profondeur de vos sentiments.<\/p>\n<p data-sourcepos=\"13:1-13:42\"><strong>\u00c9levez votre d\u00e9coration avec un charme intemporel<\/strong><\/p>\n<p data-sourcepos=\"15:1-15:241\">Laissez nos roses stabilis\u00e9es orner votre maison ou votre bureau, ajoutant une touche d&#8217;\u00e9l\u00e9gance et de sophistication intemporelle \u00e0 votre environnement. Leurs couleurs vibrantes et leur beaut\u00e9 durable transformeront n&#8217;importe quel espace en une oasis de tranquillit\u00e9 et de go\u00fbt raffin\u00e9.<\/p>\n<p data-sourcepos=\"17:1-17:39\"><strong>Un cadeau qui perdure pendant des g\u00e9n\u00e9rations<\/strong><\/p>\n<p data-sourcepos=\"19:1-19:191\">Nos roses stabilis\u00e9es sont plus que de simples fleurs ; ce sont des objets de famille pr\u00e9cieux qui peuvent \u00eatre transmis de g\u00e9n\u00e9ration en g\u00e9n\u00e9ration, pr\u00e9servant ainsi des souvenirs pr\u00e9cieux et des moments pr\u00e9cieux pour les ann\u00e9es \u00e0 venir.<\/p>\n<p data-sourcepos=\"21:1-21:48\"><strong>Embrassez la beaut\u00e9 intemporelle des roses \u00e9ternelles<\/strong><\/p>\n<p data-sourcepos=\"23:1-23:206\">Commandez votre rose pr\u00e9serv\u00e9e d\u00e8s aujourd&#8217;hui et d\u00e9couvrez la beaut\u00e9 durable de la plus belle cr\u00e9ation de la nature. Laissez nos fleurs exquises ajouter une touche d&#8217;\u00e9l\u00e9gance, d&#8217;amour et d&#8217;admiration \u00e0 chaque occasion sp\u00e9ciale de votre vie.<\/p>\n","protected":false},"excerpt":{"rendered":"<p>Nos roses stabilis\u00e9es sont plus que de simples fleurs ; ce sont des objets de famille pr\u00e9cieux qui peuvent \u00eatre transmis de g\u00e9n\u00e9ration en g\u00e9n\u00e9ration, pr\u00e9servant ainsi des souvenirs pr\u00e9cieux et des moments pr\u00e9cieux pour les ann\u00e9es \u00e0 venir.<\/p>\n","protected":false},"featured_media":470,"comment_status":"open","ping_status":"closed","template":"","meta":{"_acf_changed":false,"_et_pb_use_builder":"","_et_pb_old_content":"","_et_gb_content_width":""},"product_brand":[],"product_cat":[100,101],"product_tag":[],"class_list":{"0":"post-672","1":"product","2":"type-product","3":"status-publish","4":"has-post-thumbnail","6":"product_cat-fleurs-preservees","7":"product_cat-tetes-de-roses-preservees","9":"first","10":"onbackorder","11":"sale","12":"shipping-taxable","13":"purchasable","14":"product-type-simple"},"ams_default_variation_id":0,"ams_product_points_reward":[],"ams_product_discount_percentage":20,"ams_price_to_display":20,"ams_acf":[],"acf":[],"tiered_pricing_type":"fixed","tiered_pricing_fixed_rules":[],"tiered_pricing_product_settings":{"layout":"default","base_unit_name":{"singular":null,"plural":null},"default_variation":null},"tiered_pricing_minimum_quantity":null,"tiered_pricing_roles_data":[],"tiered_pricing_percentage_rules":[],"tiered_pricing_maximum_quantity":null,"tiered_pricing_quantity_step":null,"_links":{"self":[{"href":"https:\/\/www.maison2fleurs.com\/en\/wp-json\/wp\/v2\/product\/672","targetHints":{"allow":["GET"]}}],"collection":[{"href":"https:\/\/www.maison2fleurs.com\/en\/wp-json\/wp\/v2\/product"}],"about":[{"href":"https:\/\/www.maison2fleurs.com\/en\/wp-json\/wp\/v2\/types\/product"}],"replies":[{"embeddable":true,"href":"https:\/\/www.maison2fleurs.com\/en\/wp-json\/wp\/v2\/comments?post=672"}],"wp:featuredmedia":[{"embeddable":true,"href":"https:\/\/www.maison2fleurs.com\/en\/wp-json\/wp\/v2\/media\/470"}],"wp:attachment":[{"href":"https:\/\/www.maison2fleurs.com\/en\/wp-json\/wp\/v2\/media?parent=672"}],"wp:term":[{"taxonomy":"product_brand","embeddable":true,"href":"https:\/\/www.maison2fleurs.com\/en\/wp-json\/wp\/v2\/product_brand?post=672"},{"taxonomy":"product_cat","embeddable":true,"href":"https:\/\/www.maison2fleurs.com\/en\/wp-json\/wp\/v2\/product_cat?post=672"},{"taxonomy":"product_tag","embeddable":true,"href":"https:\/\/www.maison2fleurs.com\/en\/wp-json\/wp\/v2\/product_tag?post=672"}],"curies":[{"name":"wp","href":"https:\/\/api.w.org\/{rel}","templated":true}]}}